{"id":11117,"date":"2020-04-17T15:58:30","date_gmt":"2020-04-17T19:58:30","guid":{"rendered":"http:\/\/ecochile.travel\/covid-19\/"},"modified":"2022-02-21T13:18:00","modified_gmt":"2022-02-21T17:18:00","slug":"covid-19","status":"publish","type":"page","link":"https:\/\/ecochile.travel\/es\/covid-19\/","title":{"rendered":"Covid 19"},"content":{"rendered":"<p>&nbsp;<\/p>\n<div id=\"m_6771183659875241061hs_cos_wrapper_module_159442633907013\">\n<h5><\/h5>\n<table role=\"presentation\" width=\"100%\" cellspacing=\"0\" cellpadding=\"0\">\n<tbody>\n<tr>\n<td class=\"m_6771183659875241061hs_padded\" align=\"center\" valign=\"top\"><\/td>\n<\/tr>\n<\/tbody>\n<\/table>\n<\/div>\n<table role=\"presentation\" width=\"100%\" cellspacing=\"0\" cellpadding=\"0\">\n<tbody>\n<tr>\n<td class=\"m_6771183659875241061hs_padded\">\n<div>\n<div>\n<p>&nbsp;<\/p>\n<\/div>\n<\/div>\n<div>\n<p><strong>En EcoChile Travel, nuestro principal objetivo siempre ha sido usted: nuestros clientes y viajeros. Al trabajar con los mejores proveedores, ofrecer t\u00e9rminos y condiciones justos y confiables, y trabajar en estrecha colaboraci\u00f3n con usted para planificar su viaje, nuestro objetivo es brindarle la mejor experiencia de viaje posible.<\/strong><br \/>\nEn este momento, con tanta incertidumbre sobre c\u00f3mo ser\u00e1n los pr\u00f3ximos meses debido al nuevo coronavirus, sabemos lo dif\u00edcil que puede ser comprometerse a planificar un viaje. Hay muchas inc\u00f3gnitas. Por esta raz\u00f3n, hemos optimizado nuestros t\u00e9rminos y condiciones en cuanto a posponer o cambiar un viaje para brindarle la mayor flexibilidad posible a la hora de reservar un viaje con EcoChile Travel. De esta forma, podr\u00e1 reservar con total y total confianza.<\/p>\n<p>Aunque no podemos predecir qu\u00e9 va a pasar con el coronavirus en los pr\u00f3ximos meses, en Chile estamos acostumbrados a trabajar en circunstancias dif\u00edciles y triunfar sobre la adversidad. Con esa experiencia y conocimiento, estamos seguros de que, incluso en estos tiempos de incertidumbre, continuaremos brindando los servicios m\u00e1s confiables y responsables posibles para nuestros clientes.<\/p>\n<\/div>\n<\/td>\n<\/tr>\n<\/tbody>\n<\/table>\n<table role=\"presentation\" width=\"100%\" cellspacing=\"0\" cellpadding=\"0\">\n<tbody>\n<tr>\n<td class=\"m_6771183659875241061hs_padded\">\n<div id=\"m_6771183659875241061hs_cos_wrapper_module_15944238800355\">\n<div id=\"m_6771183659875241061hs_cos_wrapper_module_15944238800355_\">\n<h5 style=\"text-align: left;\" align=\"center\"><strong>NUESTRA PROMESA Y COMPROMISO CON LA FLEXIBILIDAD<\/strong><\/h5>\n<\/div>\n<\/div>\n<\/td>\n<\/tr>\n<\/tbody>\n<\/table>\n<div id=\"m_6771183659875241061section_1594425265793\" class=\"m_6771183659875241061hse-section\">\n<div class=\"m_6771183659875241061hse-column-container\">\n<div id=\"m_6771183659875241061column_1594425265793_0\" class=\"m_6771183659875241061hse-column m_6771183659875241061hse-size-12\" style=\"text-align: left;\">\n<table role=\"presentation\" width=\"100%\" cellspacing=\"0\" cellpadding=\"0\">\n<tbody>\n<tr>\n<td class=\"m_6771183659875241061hs_padded\">\n<div>\n<div>\n<div>\n<p><span style=\"font-family: inherit; font-size: inherit;\">Dependiendo de los proveedores de servicios (aerol\u00edneas, hoteles, transporte, gu\u00edas) que est\u00e9n incluidos en el itinerario, podremos entregar plazos m\u00e1s largos para los t\u00e9rminos y condiciones relevantes que le permitir\u00e1n reprogramar su viaje sin penalizaciones. Esto depender\u00e1 de los t\u00e9rminos. y condiciones que EcoChile mantiene con cada proveedor durante el itinerario. Por esta raz\u00f3n, le recomendaremos las mejores opciones para su viaje, y luego estableceremos cl\u00e1usulas y t\u00e9rminos flexibles basados en sus fechas de viaje, proveedores y dep\u00f3sitos. Bajo estos t\u00e9rminos el primer dep\u00f3sito del <\/span><strong style=\"font-family: inherit; font-size: inherit;\">30<\/strong><span style=\"font-family: inherit; font-size: inherit;\">% puede utilizarse como cr\u00e9dito para viajes futuros.<\/span><\/p>\n<\/div>\n<\/div>\n<\/div>\n<div id=\"m_6771183659875241061hs_cos_wrapper_module_159442550515511\">\n<div id=\"m_6771183659875241061hs_cos_wrapper_module_159442550515511_\">\n<p>Estos t\u00e9rminos son v\u00e1lidos para reservas realizadas entre el<strong> 15 de marzo y el 31 de diciembre de 2022<\/strong>. Si se pospone un viaje, en caso de cargos adicionales de nuestros proveedores (por ejemplo, cargos de hotel, aerol\u00ednea o servicios terrestres), estos se cobrar\u00e1n en el momento de reprogramaci\u00f3n. Las fechas de estas reservas se pueden reprogramar hasta el <strong>31 de diciembre de 2023.<\/strong><\/p>\n<\/div>\n<\/div>\n<\/td>\n<\/tr>\n<\/tbody>\n<\/table>\n<\/div>\n<\/div>\n<\/div>\n<table role=\"presentation\" width=\"100%\" cellspacing=\"0\" cellpadding=\"0\">\n<tbody>\n<tr>\n<td class=\"m_6771183659875241061hs_padded\">\n<div id=\"m_6771183659875241061hs_cos_wrapper_module_15955210196057\">\n<div id=\"m_6771183659875241061hs_cos_wrapper_module_15955210196057_\">\n<h5 style=\"text-align: left;\" align=\"center\"><strong>PROTOCOLO COVID-19<\/strong><\/h5>\n<\/div>\n<\/div>\n<\/td>\n<\/tr>\n<\/tbody>\n<\/table>\n<table role=\"presentation\" width=\"100%\" cellspacing=\"0\" cellpadding=\"0\">\n<tbody>\n<tr>\n<td class=\"m_6771183659875241061hs_padded\" align=\"center\" valign=\"top\"><\/td>\n<\/tr>\n<\/tbody>\n<\/table>\n<table role=\"presentation\" width=\"100%\" cellspacing=\"0\" cellpadding=\"0\">\n<tbody>\n<tr>\n<td class=\"m_6771183659875241061hs_padded\">\n<div id=\"m_6771183659875241061hs_cos_wrapper_module_15955211219958\">\n<div id=\"m_6771183659875241061hs_cos_wrapper_module_15955211219958_\">\n<p>Hemos creado un pu\u00f1ado de nuevos itinerarios que est\u00e1n dise\u00f1ados espec\u00edficamente para viajes compatibles con COVID-19. Entre nuestros nuevos protocolos de seguridad que requerimos de todos nuestros proveedores, los tours y traslados solo se operan en grupos peque\u00f1os, y utilizamos veh\u00edculos m\u00e1s grandes y espaciosos que se limpian y desinfectan regularmente. Aparte de esto, solo seleccionamos actividades y hoteles que tienen estrictas pol\u00edticas de distanciamiento social.<\/p>\n<\/div>\n<\/div>\n<\/td>\n<\/tr>\n<\/tbody>\n<\/table>\n<p>&nbsp;<\/p>\n","protected":false},"excerpt":{"rendered":"<p>&nbsp; &nbsp; En EcoChile Travel, nuestro principal objetivo siempre ha sido usted: nuestros clientes y viajeros. Al trabajar con los mejores proveedores, ofrecer t\u00e9rminos y condiciones justos y confiables, y trabajar en estrecha colaboraci\u00f3n con usted para planificar su viaje, nuestro objetivo es brindarle la mejor experiencia de viaje posible. En este momento, con tanta incertidumbre sobre c\u00f3mo ser\u00e1n los pr\u00f3ximos meses debido al nuevo coronavirus, sabemos lo dif\u00edcil que puede ser comprometerse a planificar un viaje. Hay muchas inc\u00f3gnitas. Por esta raz\u00f3n, hemos optimizado nuestros t\u00e9rminos y condiciones en cuanto a posponer o cambiar un viaje para brindarle la mayor flexibilidad posible a la hora de reservar un viaje con EcoChile Travel. De esta forma, podr\u00e1 reservar con total y total confianza. Aunque no podemos predecir qu\u00e9 va a pasar con el coronavirus en los pr\u00f3ximos meses, en Chile estamos acostumbrados a trabajar en circunstancias dif\u00edciles y triunfar sobre la adversidad. Con esa experiencia y conocimiento, estamos seguros de que, incluso en estos tiempos de incertidumbre, continuaremos brindando los servicios m\u00e1s confiables y responsables posibles para nuestros clientes. NUESTRA PROMESA Y COMPROMISO CON LA FLEXIBILIDAD Dependiendo de los proveedores de servicios (aerol\u00edneas, hoteles, transporte, gu\u00edas) que est\u00e9n incluidos en el itinerario, podremos entregar plazos m\u00e1s largos para los t\u00e9rminos y condiciones relevantes que le permitir\u00e1n reprogramar su viaje sin penalizaciones. Esto depender\u00e1 de los t\u00e9rminos. y condiciones que EcoChile mantiene con cada proveedor durante el itinerario. Por esta raz\u00f3n, le recomendaremos las mejores opciones para su viaje, y luego estableceremos cl\u00e1usulas y t\u00e9rminos flexibles basados en sus fechas de viaje, proveedores y dep\u00f3sitos. Bajo estos t\u00e9rminos el primer dep\u00f3sito del 30% puede utilizarse como cr\u00e9dito para viajes futuros. Estos t\u00e9rminos son v\u00e1lidos para reservas realizadas entre el 15 de marzo y el 31 de diciembre de 2022. Si se pospone un viaje, en caso de cargos adicionales de nuestros proveedores (por ejemplo, cargos de hotel, aerol\u00ednea o servicios terrestres), estos se cobrar\u00e1n en el momento de reprogramaci\u00f3n. Las fechas de estas reservas se pueden reprogramar hasta el 31 de diciembre de 2023. PROTOCOLO COVID-19 Hemos creado un pu\u00f1ado de nuevos itinerarios que est\u00e1n dise\u00f1ados espec\u00edficamente para viajes compatibles con COVID-19. Entre nuestros nuevos protocolos de seguridad que requerimos de todos nuestros proveedores, los tours y traslados solo se operan en grupos peque\u00f1os, y utilizamos veh\u00edculos m\u00e1s grandes y espaciosos que se limpian y desinfectan regularmente. Aparte de esto, solo seleccionamos actividades y hoteles que tienen estrictas pol\u00edticas de distanciamiento social. &nbsp;<\/p>\n","protected":false},"author":5,"featured_media":0,"parent":0,"menu_order":0,"comment_status":"closed","ping_status":"closed","template":"","meta":{"footnotes":""},"class_list":["post-11117","page","type-page","status-publish","hentry"],"aioseo_notices":[],"_links":{"self":[{"href":"https:\/\/ecochile.travel\/es\/wp-json\/wp\/v2\/pages\/11117","targetHints":{"allow":["GET"]}}],"collection":[{"href":"https:\/\/ecochile.travel\/es\/wp-json\/wp\/v2\/pages"}],"about":[{"href":"https:\/\/ecochile.travel\/es\/wp-json\/wp\/v2\/types\/page"}],"author":[{"embeddable":true,"href":"https:\/\/ecochile.travel\/es\/wp-json\/wp\/v2\/users\/5"}],"replies":[{"embeddable":true,"href":"https:\/\/ecochile.travel\/es\/wp-json\/wp\/v2\/comments?post=11117"}],"version-history":[{"count":6,"href":"https:\/\/ecochile.travel\/es\/wp-json\/wp\/v2\/pages\/11117\/revisions"}],"predecessor-version":[{"id":12618,"href":"https:\/\/ecochile.travel\/es\/wp-json\/wp\/v2\/pages\/11117\/revisions\/12618"}],"wp:attachment":[{"href":"https:\/\/ecochile.travel\/es\/wp-json\/wp\/v2\/media?parent=11117"}],"curies":[{"name":"wp","href":"https:\/\/api.w.org\/{rel}","templated":true}]}}