{"id":13510,"date":"2022-08-26T11:39:04","date_gmt":"2022-08-26T15:39:04","guid":{"rendered":"http:\/\/ecochile.travel\/?page_id=13510"},"modified":"2024-12-23T20:03:31","modified_gmt":"2024-12-24T00:03:31","slug":"requisitos-ingreso-bolivia","status":"publish","type":"page","link":"https:\/\/ecochile.travel\/es\/requisitos-ingreso-bolivia\/","title":{"rendered":"Requisitos para ingresar a Bolivia"},"content":{"rendered":"<div class=\"row\">\n<div class=\"col-12 \">\n<div class=\"col-md-12\">\n<div class=\"row\">\n<div class=\"row\">\n<h2><\/h2>\n<h2 class=\"p1\" style=\"text-align: center;\"><b>Entrada a Bolivia desde el Extranjero<\/b><\/h2>\n<p>&nbsp;<\/p>\n<p class=\"p1\"><strong>Es tu responsabilidad asegurarte de que t\u00fa y todos los miembros de tu grupo tengan los documentos de viaje necesarios y cumplan con los requisitos de inmigraci\u00f3n antes de viajar.<\/strong><\/p>\n<p class=\"p1\">Bolivia ha eliminado todos los requisitos sanitarios para ingresar al pa\u00eds. Ya no es necesario completar una declaraci\u00f3n de vacunaci\u00f3n ni presentar seguro m\u00e9dico de viaje.<\/p>\n<\/div>\n<p><strong>Obligatorio:\u00a0<\/strong><\/p>\n<\/div>\n<ul>\n<li class=\"p1\"><b>Requisitos para obtener la VISA de turismo para Bolivia<\/b>\n<ul>\n<li class=\"p1\"><b>Exentos de visa:\u00a0<\/b>Los pa\u00edses clasificados en el <a href=\"https:\/\/bolivianembassy.co.uk\/visa-grupos-1-2-3\/\"><b>\u201cGrupo 1\u201d<\/b><\/a> no requieren visa para ingresar a Bolivia.<\/li>\n<li class=\"p1\"><b>Recomendaci\u00f3n:<\/b>\n<ul>\n<li class=\"p1\">Es altamente recomendable procesar la visa antes de la llegada:\n<ol>\n<li class=\"p1\">Comienza el <a href=\"https:\/\/visas.cancilleria.gob.bo\/#\/\">tr\u00e1mite en l\u00ednea.<\/a><\/li>\n<li class=\"p1\">Completa el proceso en el <a href=\"https:\/\/consulados.cancilleria.gob.bo\/\">consulado boliviano m\u00e1s cercano<\/a>.<\/li>\n<\/ol>\n<\/li>\n<\/ul>\n<\/li>\n<li>\n<p class=\"p1\"><b>Opciones para tramitar la visa al llegar a la frontera:<\/b><\/p>\n<ul>\n<li>\n<p class=\"p1\"><b><b>Costo:\u00a0<\/b>USD $160 por persona, pagado en efectivo.<br \/>\n<\/b>Los billetes deben estar en <b>buen estado<\/b>, sin manchas, rasgaduras ni marcas.<\/p>\n<\/li>\n<li>\n<p class=\"p1\"><b>Fotograf\u00edas:\u00a0<\/b>Cuatro fotos tama\u00f1o pasaporte (4&#215;4 cm, fondo blanco).<\/p>\n<\/li>\n<\/ul>\n<\/li>\n<\/ul>\n<\/li>\n<\/ul>\n<div class=\"row\">\n<div class=\"row\">\n<ul class=\"AycZA bU4yt\">\n<li>\n<p class=\"p1\"><b>Documentos requeridos en la frontera (por cada miembro del grupo):<br \/>\n<\/b>Debes llevar <b>dos copias impresas o fotocopiadas<\/b> de cada documento:<\/p>\n<ol>\n<li>\n<p class=\"p1\"><b>Pasaporte v\u00e1lido:\u00a0<\/b>Con al menos 6 meses de vigencia restante y p\u00e1ginas en blanco.<br \/>\nDos fotocopias del pasaporte de cada viajero.<\/p>\n<\/li>\n<li>\n<p class=\"p1\"><b>Itinerario de viaje y pasajes de regreso.<\/b><\/p>\n<\/li>\n<li>\n<p class=\"p1\"><b><\/b><b>Formulario de Declaraci\u00f3n Jurada:<\/b><\/p>\n<\/li>\n<li>\n<p class=\"p1\"><b><\/b><a href=\"https:\/\/www.aduana.gob.bo\/aduana7\/sites\/default\/files\/formularios\/formulario%20250%20DS%204492.pdf\"><b>Formulario N\u00b0250<\/b>,<\/a> disponible en l\u00ednea o completado al llegar a la frontera.<\/p>\n<\/li>\n<li>\n<p class=\"p1\"><b>Comprobante de alojamiento:\u00a0<\/b>Reserva de hotel o una carta de invitaci\u00f3n emitida por un residente legal de Bolivia.<\/p>\n<\/li>\n<li>\n<p class=\"p1\"><b>Prueba de fondos:<\/b><\/p>\n<ul>\n<li>\n<p class=\"p1\"><b><\/b>Declaraci\u00f3n jurada de medios econ\u00f3micos (proporcionada por oficiales gubernamentales al ingresar).<\/p>\n<\/li>\n<li>\n<p class=\"p1\">Documentos de respaldo, como estados de cuenta bancarios o de tarjetas de cr\u00e9dito.<\/p>\n<\/li>\n<li>\n<p class=\"p1\">Una copia del estado de cuenta o de la tarjeta de cr\u00e9dito por cada viajero (para cuentas conjuntas, cada titular debe llevar su copia).<\/p>\n<\/li>\n<\/ul>\n<\/li>\n<li>\n<p class=\"p1\"><b>Tarjeta de vacunaci\u00f3n contra la fiebre amarilla:<\/b><\/p>\n<ul>\n<li>\n<p class=\"p1\"><b><\/b><b>Requerida<\/b> para visitantes de zonas de alto riesgo: Chuquisaca, La Paz, Cochabamba, Tarija, Santa Cruz, Beni y Pando.<\/p>\n<\/li>\n<li>\n<p class=\"p1\"><b>No requerida<\/b> para quienes visitan \u00fanicamente Uyuni.<\/p>\n<\/li>\n<li>\n<p class=\"p1\">M\u00e1s informaci\u00f3n: <a href=\"https:\/\/www.minsalud.gob.bo\">Resoluci\u00f3n Ministerial 0028\/2009<\/a>.<\/p>\n<\/li>\n<\/ul>\n<\/li>\n<\/ol>\n<\/li>\n<li>\n<p class=\"p1\">Cada viajero debe llevar <b>copias impresas de todos los documentos requeridos<\/b> (dos copias de cada<\/p>\n<\/li>\n<\/ul>\n<p class=\"p1\"><b>Recomendaciones:<\/b><\/p>\n<ul>\n<li class=\"p1\"><b><\/b><b>Seguro m\u00e9dico de viaje:<\/b> No es obligatorio, pero se recomienda contar con un seguro que cubra accidentes personales, gastos m\u00e9dicos, repatriaci\u00f3n de emergencia y responsabilidad civil, incluyendo actividades de aventura no cubiertas por seguros est\u00e1ndar.<\/li>\n<\/ul>\n        <!-- Output the Call to Action HTML -->\n        <section class=\"container-fluid call2action parallax-window hidden-xs jarallax\" data-jarallax data-speed=\"0.2\" style=\"margin:0\">\n                            <img decoding=\"async\" class=\"jarallax-img\" src=\"https:\/\/ecochile.travel\/wp-content\/uploads\/2022\/03\/Uyuni-Salt-Flat-sunset-1.jpg\" alt=\"\">\n                        \n            <div class=\"container\">\n                <div class=\"col-xs-12\">\n                                            <cite>Explore Uyuni, where vast salt flats and surreal landscapes create an unforgettable adventure in Bolivia&#039;s high-altitude wonderland.<\/cite>\n                                                        <\/div>\n            <\/div>\n        <\/section>\n        \n<p>&nbsp;<\/p>\n<\/div>\n<\/div>\n<\/div>\n<\/div>\n<\/div>\n<p class=\"p1\">Si planeas visitar<strong> Chile,<\/strong> te recomendamos que revises nuestro enlace con los\u00a0<strong><a href=\"https:\/\/ecochile.travel\/es\/requisitos-para-ingresar-a-chile\/\">Requisitos para ingresar a Chile<\/a>.<\/strong><\/p>\n<p>&nbsp;<\/p>\n<div id=\"aircall-extension-app\"><\/div>\n<div id=\"aircall-extension-app\"><\/div>\n","protected":false},"excerpt":{"rendered":"<p>Entrada a Bolivia desde el Extranjero &nbsp; Es tu responsabilidad asegurarte de que t\u00fa y todos los miembros de tu grupo tengan los documentos de viaje necesarios y cumplan con los requisitos de inmigraci\u00f3n antes de viajar. Bolivia ha eliminado todos los requisitos sanitarios para ingresar al pa\u00eds. Ya no es necesario completar una declaraci\u00f3n de vacunaci\u00f3n ni presentar seguro m\u00e9dico de viaje. Obligatorio:\u00a0 Requisitos para obtener la VISA de turismo para Bolivia Exentos de visa:\u00a0Los pa\u00edses clasificados en el \u201cGrupo 1\u201d no requieren visa para ingresar a Bolivia. Recomendaci\u00f3n: Es altamente recomendable procesar la visa antes de la llegada: Comienza el tr\u00e1mite en l\u00ednea. Completa el proceso en el consulado boliviano m\u00e1s cercano. Opciones para tramitar la visa al llegar a la frontera: Costo:\u00a0USD $160 por persona, pagado en efectivo. Los billetes deben estar en buen estado, sin manchas, rasgaduras ni marcas. Fotograf\u00edas:\u00a0Cuatro fotos tama\u00f1o pasaporte (4&#215;4 cm, fondo blanco). Documentos requeridos en la frontera (por cada miembro del grupo): Debes llevar dos copias impresas o fotocopiadas de cada documento: Pasaporte v\u00e1lido:\u00a0Con al menos 6 meses de vigencia restante y p\u00e1ginas en blanco. Dos fotocopias del pasaporte de cada viajero. Itinerario de viaje y pasajes de regreso. Formulario de Declaraci\u00f3n Jurada: Formulario N\u00b0250, disponible en l\u00ednea o completado al llegar a la frontera. Comprobante de alojamiento:\u00a0Reserva de hotel o una carta de invitaci\u00f3n emitida por un residente legal de Bolivia. Prueba de fondos: Declaraci\u00f3n jurada de medios econ\u00f3micos (proporcionada por oficiales gubernamentales al ingresar). Documentos de respaldo, como estados de cuenta bancarios o de tarjetas de cr\u00e9dito. Una copia del estado de cuenta o de la tarjeta de cr\u00e9dito por cada viajero (para cuentas conjuntas, cada titular debe llevar su copia). Tarjeta de vacunaci\u00f3n contra la fiebre amarilla: Requerida para visitantes de zonas de alto riesgo: Chuquisaca, La Paz, Cochabamba, Tarija, Santa Cruz, Beni y Pando. No requerida para quienes visitan \u00fanicamente Uyuni. M\u00e1s informaci\u00f3n: Resoluci\u00f3n Ministerial 0028\/2009. Cada viajero debe llevar copias impresas de todos los documentos requeridos (dos copias de cada Recomendaciones: Seguro m\u00e9dico de viaje: No es obligatorio, pero se recomienda contar con un seguro que cubra accidentes personales, gastos m\u00e9dicos, repatriaci\u00f3n de emergencia y responsabilidad civil, incluyendo actividades de aventura no cubiertas por seguros est\u00e1ndar. &nbsp; Si planeas visitar Chile, te recomendamos que revises nuestro enlace con los\u00a0Requisitos para ingresar a Chile. &nbsp;<\/p>\n","protected":false},"author":68,"featured_media":0,"parent":0,"menu_order":0,"comment_status":"closed","ping_status":"closed","template":"","meta":{"footnotes":""},"class_list":["post-13510","page","type-page","status-publish","hentry"],"aioseo_notices":[],"_links":{"self":[{"href":"https:\/\/ecochile.travel\/es\/wp-json\/wp\/v2\/pages\/13510","targetHints":{"allow":["GET"]}}],"collection":[{"href":"https:\/\/ecochile.travel\/es\/wp-json\/wp\/v2\/pages"}],"about":[{"href":"https:\/\/ecochile.travel\/es\/wp-json\/wp\/v2\/types\/page"}],"author":[{"embeddable":true,"href":"https:\/\/ecochile.travel\/es\/wp-json\/wp\/v2\/users\/68"}],"replies":[{"embeddable":true,"href":"https:\/\/ecochile.travel\/es\/wp-json\/wp\/v2\/comments?post=13510"}],"version-history":[{"count":3,"href":"https:\/\/ecochile.travel\/es\/wp-json\/wp\/v2\/pages\/13510\/revisions"}],"predecessor-version":[{"id":19040,"href":"https:\/\/ecochile.travel\/es\/wp-json\/wp\/v2\/pages\/13510\/revisions\/19040"}],"wp:attachment":[{"href":"https:\/\/ecochile.travel\/es\/wp-json\/wp\/v2\/media?parent=13510"}],"curies":[{"name":"wp","href":"https:\/\/api.w.org\/{rel}","templated":true}]}}