{"id":19033,"date":"2024-12-23T19:42:01","date_gmt":"2024-12-23T23:42:01","guid":{"rendered":"http:\/\/ecochile.travel\/?page_id=19033"},"modified":"2024-12-23T19:42:01","modified_gmt":"2024-12-23T23:42:01","slug":"requisitos-para-ingresar-a-chile","status":"publish","type":"page","link":"https:\/\/ecochile.travel\/es\/requisitos-para-ingresar-a-chile\/","title":{"rendered":"Requisitos para ingresar a Chile"},"content":{"rendered":"<h2 class=\"p1\" style=\"text-align: center;\">Entrada a Chile desde el extranjero<\/h2>\n<p>&nbsp;<\/p>\n<p class=\"p1\">Es tu responsabilidad asegurarte de que t\u00fa y todos los miembros de tu grupo tengan los documentos de viaje necesarios y cumplan con los requisitos de inmigraci\u00f3n antes de viajar.<\/p>\n<p class=\"p1\">Chile ha eliminado todos los requisitos sanitarios para ingresar al pa\u00eds. Ya no es necesario completar una declaraci\u00f3n de vacunaci\u00f3n ni presentar seguro m\u00e9dico de viaje.<\/p>\n<p class=\"p1\"><b>Obligatorio:<\/b><\/p>\n<ul>\n<li class=\"p1\"><b><\/b><b>Pasaporte v\u00e1lido:\u00a0<\/b>V\u00e1lido por la duraci\u00f3n de la estad\u00eda.<br \/>\nDebe tener al menos una p\u00e1gina en blanco para el sello de ingreso de inmigraci\u00f3n.<\/li>\n<li class=\"p1\"><b>Revisi\u00f3n de requisitos de visa:\u00a0<\/b>Consulta la <a href=\"https:\/\/www.consulado.gob.cl\/consulados\/site\/docs\/20190220\/20190220161313\/cuadro_de_visas_resumido___17_07_2024.pdf\">lista de pa\u00edses<\/a> donde aquellos marcados como \u201cSI\u201d en la columna \u201c\u00bfREQUIERE VISA DE PERMANENCIA TRANSITORIA?\u201d, necesitan visa para ingresar a Chile.<\/li>\n<li class=\"p1\"><b>Exentos de visa:<\/b> Ciudadanos con pasaporte de EE. UU., Reino Unido, Canad\u00e1, Irlanda, \u00e1rea Schengen, Hong Kong, Malasia y Singapur.<\/li>\n<li class=\"p1\"><b>Solicitud de visa:\u00a0<\/b>Todas las solicitudes pueden realizarse en l\u00ednea en el <a href=\"https:\/\/serviciosconsulares.cl\/tramites\/site\/edic\/base\/port\/consulados.html\">sitio web del Ministerio de Relaciones Exteriores de Chile<\/a>. Puedes elegir entre ingl\u00e9s y espa\u00f1ol.<br \/>\nUna vez enviada la solicitud, ser\u00e1 revisada por el consulado chileno seleccionado en el formulario.<\/li>\n<li class=\"p1\"><b>Visa para australianos:\u00a0<\/b>Revisa los criterios y el formulario de solicitud en la p\u00e1gina de <a href=\"https:\/\/serviciosconsulares.cl\/tramites\/e-visa-para-australia\">E-visa para Australia<\/a>.<\/li>\n<li class=\"p1\"><b>Visa para ciudadanos indios:\u00a0<\/b>Deben obtener una \u201cVISA DE PERMANENCIA TRANSITORIA\u201d antes de su viaje.\u00a0<b>Excepci\u00f3n:<\/b> Si tienen una visa v\u00e1lida de EE. UU. (excepto tipo C) con al menos seis (6) meses de vigencia restante, pueden ingresar a Chile sin solicitar la visa previamente.<\/li>\n<\/ul>\n<p class=\"p1\"><b>Al llegar a Chile:<\/b><\/p>\n<ul>\n<li class=\"p1\"><b><\/b><b>Formulario SAG:\u00a0<\/b>\n<ul>\n<li class=\"p1\">Todos los pasajeros deben completar en l\u00ednea la <a href=\"http:\/\/www.ingresoachile.cl\/\">declaraci\u00f3n jurada del Servicio Agr\u00edcola y Ganadero (SAG)<\/a> para declarar si portan productos de origen animal o vegetal.<\/li>\n<li class=\"p1\">Este formulario puede completarse <b>24 horas antes<\/b> de ingresar a Chile hasta el momento del embarque.<\/li>\n<li class=\"p1\">Video explicativo: <a href=\"https:\/\/www.sag.cl\">Video SAG<\/a>.<\/li>\n<li><i><i>Lea sobre \u00ab<\/i><\/i><a href=\"https:\/\/www.sag.gob.cl\/ambitos-de-accion\/productos-de-origen-vegetal-yo-animal-artesanias-y-otros\">Productos de origen vegetal y\/o animal, artesan\u00edas y otros<\/a>\u00ab.<\/li>\n<\/ul>\n<\/li>\n<li><b>Solvencia econ\u00f3mica:\u00a0<\/b>\n<ul>\n<li>Demostrar un m\u00ednimo de <b>USD $46 por d\u00eda de estad\u00eda<\/b> por persona.<\/li>\n<li>Este requisito aplica a todos los turistas con permiso de permanencia transitoria.<\/li>\n<li>Puede demostrarse mediante estados de cuenta bancarios, tarjetas de cr\u00e9dito\/d\u00e9bito o efectivo, en formato digital o f\u00edsico.<\/li>\n<li>Para menores, el adulto acompa\u00f1ante debe demostrar solvencia econ\u00f3mica por ambos.<\/li>\n<li>La fiscalizaci\u00f3n es realizada por la Polic\u00eda de Investigaciones (PDI) en todos los puntos de ingreso al pa\u00eds, ya sea por v\u00eda terrestre, mar\u00edtima o a\u00e9rea.<\/li>\n<\/ul>\n<\/li>\n<\/ul>\n<p class=\"p1\"><b>Recomendaciones:<\/b><\/p>\n<ul>\n<li class=\"p1\"><b><\/b><b>Seguro m\u00e9dico de viaje:<\/b> No es obligatorio, pero se recomienda contar con un seguro que cubra accidentes personales, gastos m\u00e9dicos, repatriaci\u00f3n de emergencia y responsabilidad civil, incluyendo actividades de aventura no cubiertas por seguros est\u00e1ndar.<\/li>\n<\/ul>\n<p>&nbsp;<\/p>\n        <!-- Output the Call to Action HTML -->\n        <section class=\"container-fluid call2action parallax-window hidden-xs jarallax\" data-jarallax data-speed=\"0.2\" style=\"margin:0\">\n                            <img decoding=\"async\" class=\"jarallax-img\" src=\"https:\/\/ecochile.travel\/wp-content\/uploads\/2019\/04\/moon-valley-san-pedro-atacama.jpg\" alt=\"\">\n                        \n            <div class=\"container\">\n                <div class=\"col-xs-12\">\n                                            <cite>Discover Chile, a land of stunning contrasts. Immerse yourself in one of the world&#039;s most diverse destinations.<\/cite>\n                                                        <\/div>\n            <\/div>\n        <\/section>\n        \n<p>&nbsp;<\/p>\n<p style=\"text-align: left;\">If you plan to visit\u00a0<strong>Easter Island<\/strong>, we recommend that you review our link with the\u00a0<strong><a href=\"http:\/\/ecochile.travel\/requirements-for-entering-rapa-nui\/\">Requirements for Entering Easter Island<\/a><\/strong><\/p>\n<p style=\"text-align: left;\">If you plan to visit\u00a0<strong>Argentina<\/strong>, we recommend that you review our link with the\u00a0<strong><a href=\"https:\/\/ecochile.travel\/requirements-for-entering-argentina\/\">Requirements for Entering Argentina<\/a><\/strong><\/p>\n<p class=\"p1\">If you plan to visit or transit through <b>Brazil,<\/b>\u00a0we recommend that you review our link with the\u00a0<strong><a href=\"https:\/\/ecochile.travel\/requirements-for-entering-brazil\/\">Requirements for Entering Brazil<\/a><\/strong><\/p>\n<p style=\"text-align: left;\">If you plan to visit\u00a0<strong>Bolivia<\/strong>, we recommend that you review our link with the\u00a0<strong><a href=\"https:\/\/ecochile.travel\/requirements-for-entering-bolivia\/\">Requirements for Entering Bolivia<\/a><\/strong><\/p>\n","protected":false},"excerpt":{"rendered":"<p>Entrada a Chile desde el extranjero &nbsp; Es tu responsabilidad asegurarte de que t\u00fa y todos los miembros de tu grupo tengan los documentos de viaje necesarios y cumplan con los requisitos de inmigraci\u00f3n antes de viajar. Chile ha eliminado todos los requisitos sanitarios para ingresar al pa\u00eds. Ya no es necesario completar una declaraci\u00f3n de vacunaci\u00f3n ni presentar seguro m\u00e9dico de viaje. Obligatorio: Pasaporte v\u00e1lido:\u00a0V\u00e1lido por la duraci\u00f3n de la estad\u00eda. Debe tener al menos una p\u00e1gina en blanco para el sello de ingreso de inmigraci\u00f3n. Revisi\u00f3n de requisitos de visa:\u00a0Consulta la lista de pa\u00edses donde aquellos marcados como \u201cSI\u201d en la columna \u201c\u00bfREQUIERE VISA DE PERMANENCIA TRANSITORIA?\u201d, necesitan visa para ingresar a Chile. Exentos de visa: Ciudadanos con pasaporte de EE. UU., Reino Unido, Canad\u00e1, Irlanda, \u00e1rea Schengen, Hong Kong, Malasia y Singapur. Solicitud de visa:\u00a0Todas las solicitudes pueden realizarse en l\u00ednea en el sitio web del Ministerio de Relaciones Exteriores de Chile. Puedes elegir entre ingl\u00e9s y espa\u00f1ol. Una vez enviada la solicitud, ser\u00e1 revisada por el consulado chileno seleccionado en el formulario. Visa para australianos:\u00a0Revisa los criterios y el formulario de solicitud en la p\u00e1gina de E-visa para Australia. Visa para ciudadanos indios:\u00a0Deben obtener una \u201cVISA DE PERMANENCIA TRANSITORIA\u201d antes de su viaje.\u00a0Excepci\u00f3n: Si tienen una visa v\u00e1lida de EE. UU. (excepto tipo C) con al menos seis (6) meses de vigencia restante, pueden ingresar a Chile sin solicitar la visa previamente. Al llegar a Chile: Formulario SAG:\u00a0 Todos los pasajeros deben completar en l\u00ednea la declaraci\u00f3n jurada del Servicio Agr\u00edcola y Ganadero (SAG) para declarar si portan productos de origen animal o vegetal. Este formulario puede completarse 24 horas antes de ingresar a Chile hasta el momento del embarque. Video explicativo: Video SAG. Lea sobre \u00abProductos de origen vegetal y\/o animal, artesan\u00edas y otros\u00ab. Solvencia econ\u00f3mica:\u00a0 Demostrar un m\u00ednimo de USD $46 por d\u00eda de estad\u00eda por persona. Este requisito aplica a todos los turistas con permiso de permanencia transitoria. Puede demostrarse mediante estados de cuenta bancarios, tarjetas de cr\u00e9dito\/d\u00e9bito o efectivo, en formato digital o f\u00edsico. Para menores, el adulto acompa\u00f1ante debe demostrar solvencia econ\u00f3mica por ambos. La fiscalizaci\u00f3n es realizada por la Polic\u00eda de Investigaciones (PDI) en todos los puntos de ingreso al pa\u00eds, ya sea por v\u00eda terrestre, mar\u00edtima o a\u00e9rea. Recomendaciones: Seguro m\u00e9dico de viaje: No es obligatorio, pero se recomienda contar con un seguro que cubra accidentes personales, gastos m\u00e9dicos, repatriaci\u00f3n de emergencia y responsabilidad civil, incluyendo actividades de aventura no cubiertas por seguros est\u00e1ndar. &nbsp; &nbsp; If you plan to visit\u00a0Easter Island, we recommend that you review our link with the\u00a0Requirements for Entering Easter Island If you plan to visit\u00a0Argentina, we recommend that you review our link with the\u00a0Requirements for Entering Argentina If you plan to visit or transit through Brazil,\u00a0we recommend that you review our link with the\u00a0Requirements for Entering Brazil If you plan to visit\u00a0Bolivia, we recommend that you review our link with the\u00a0Requirements for Entering Bolivia<\/p>\n","protected":false},"author":68,"featured_media":0,"parent":0,"menu_order":0,"comment_status":"closed","ping_status":"closed","template":"","meta":{"footnotes":""},"class_list":["post-19033","page","type-page","status-publish","hentry"],"aioseo_notices":[],"_links":{"self":[{"href":"https:\/\/ecochile.travel\/es\/wp-json\/wp\/v2\/pages\/19033","targetHints":{"allow":["GET"]}}],"collection":[{"href":"https:\/\/ecochile.travel\/es\/wp-json\/wp\/v2\/pages"}],"about":[{"href":"https:\/\/ecochile.travel\/es\/wp-json\/wp\/v2\/types\/page"}],"author":[{"embeddable":true,"href":"https:\/\/ecochile.travel\/es\/wp-json\/wp\/v2\/users\/68"}],"replies":[{"embeddable":true,"href":"https:\/\/ecochile.travel\/es\/wp-json\/wp\/v2\/comments?post=19033"}],"version-history":[{"count":2,"href":"https:\/\/ecochile.travel\/es\/wp-json\/wp\/v2\/pages\/19033\/revisions"}],"predecessor-version":[{"id":19035,"href":"https:\/\/ecochile.travel\/es\/wp-json\/wp\/v2\/pages\/19033\/revisions\/19035"}],"wp:attachment":[{"href":"https:\/\/ecochile.travel\/es\/wp-json\/wp\/v2\/media?parent=19033"}],"curies":[{"name":"wp","href":"https:\/\/api.w.org\/{rel}","templated":true}]}}