{"id":2059,"date":"2016-12-02T15:35:34","date_gmt":"2016-12-02T19:35:34","guid":{"rendered":"https:\/\/www.ecochile.travel\/es\/privacy-and-personal-data-protection\/"},"modified":"2016-12-02T15:38:02","modified_gmt":"2016-12-02T19:38:02","slug":"privacidad-y-proteccion-de-datos-personales","status":"publish","type":"page","link":"https:\/\/ecochile.travel\/es\/privacidad-y-proteccion-de-datos-personales\/","title":{"rendered":"Privacidad y Protecci\u00f3n de Datos Personales"},"content":{"rendered":"<h2><strong>Privacidad y Protecci\u00f3n de Datos Personales<\/strong><\/h2>\n<p>Ecochile usa cookies (peque\u00f1os archivos de texto que son ingresados en el computador) a fin de recopilar informaci\u00f3n sobre como los visitantes usan el sitio web y cu\u00e1les son las preferencias del Cliente. Es posible aceptar o rechazar su uso pero la mayor\u00eda de navegadores web los aceptan autom\u00e1ticamente (no obstante suele ser posible modificar las configuraciones para rechazar el uso de cookies). N\u00f3tese que los cookies no permiten que Ecochile tenga acceso al computador del Cliente ni de su informaci\u00f3n personal que no sea la que \u00e9l\/ella decida compartir con Ecochile (Ecochile no recopila datos personales con el uso de cookies).<\/p>\n<p>Ecochile es expresamente autorizado seg\u00fan art\u00edculo 4 de la Ley de la Protecci\u00f3n de Privacidad de Datos (Ley Nro. 19.628) a recopilar y tratar los datos personales del Cliente a fin de gestionar la relaci\u00f3n de Ecochile con el Cliente antes durante y despu\u00e9s de la actividad tur\u00edstica, tramitar la reservaci\u00f3n de alojamiento y viajes, transmitir sus datos personales respecto a la cuenta bancaria y\/o tarjeta de cr\u00e9dito a proveedores de servicios finales, procesar sus datos personales para las operaciones publicitarias, promover marcas y comprender mejor los requisitos y deseos del Cliente, gestionar reclamos y\/o quejas, gestionar los datos internamente para crear listas de clientes que se han comportado de manera inapropiada durante los paquetes tur\u00edsticos, adaptar los productos y servicios de Ecochile para mejor cumplir con los requisitos del Cliente e informar al Cliente sobre ofertas y nuevos servicios creados por Ecochile.<\/p>\n<p>Dicho esto, los datos personales del Cliente son considerados confidenciales y por lo tanto no ser\u00e1n divulgados a ning\u00fan tercero, excepto nuestro(s) proveedor(es) y, solamente si fuese requerido por ley, a las autoridades correspondientes.<\/p>\n<p>Al aceptar estas condiciones, el Cliente autoriza exclusivamente a Ecochile a usar su imagen, nombre, semejanza y\/o voz en publicidad o comerciales relacionados con la compa\u00f1\u00eda en Chile sin compensaci\u00f3n. Esta autorizaci\u00f3n es perpetua e incluye el derecho a favor de Ecochile de usar libremente cualquier y\/o toda imagen fotogr\u00e1fica y f\u00edlmica (inclusive derechos al uso de la voz) para su uso en internet y sitios web de redes sociales que pueden incluir, pero que no se limitan a, Facebook, Twitter, YouTube e Instagram, adem\u00e1s de cualquier tipo de material publicitario y gr\u00e1fico, adem\u00e1s de cualquier fotograf\u00eda, grabaci\u00f3n, video, pel\u00edcula, dibujo o representaci\u00f3n. El Cliente declara que entiende que no hay compensaci\u00f3n respecto a la autorizaci\u00f3n anteriormente mencionada.<\/p>\n<p><strong>\u00a0<\/strong><\/p>\n<p>&nbsp;<\/p>\n","protected":false},"excerpt":{"rendered":"<p>Privacidad y Protecci\u00f3n de Datos Personales Ecochile usa cookies (peque\u00f1os archivos de texto que son ingresados en el computador) a fin de recopilar informaci\u00f3n sobre como los visitantes usan el sitio web y cu\u00e1les son las preferencias del Cliente. Es posible aceptar o rechazar su uso pero la mayor\u00eda de navegadores web los aceptan autom\u00e1ticamente (no obstante suele ser posible modificar las configuraciones para rechazar el uso de cookies). N\u00f3tese que los cookies no permiten que Ecochile tenga acceso al computador del Cliente ni de su informaci\u00f3n personal que no sea la que \u00e9l\/ella decida compartir con Ecochile (Ecochile no recopila datos personales con el uso de cookies). Ecochile es expresamente autorizado seg\u00fan art\u00edculo 4 de la Ley de la Protecci\u00f3n de Privacidad de Datos (Ley Nro. 19.628) a recopilar y tratar los datos personales del Cliente a fin de gestionar la relaci\u00f3n de Ecochile con el Cliente antes durante y despu\u00e9s de la actividad tur\u00edstica, tramitar la reservaci\u00f3n de alojamiento y viajes, transmitir sus datos personales respecto a la cuenta bancaria y\/o tarjeta de cr\u00e9dito a proveedores de servicios finales, procesar sus datos personales para las operaciones publicitarias, promover marcas y comprender mejor los requisitos y deseos del Cliente, gestionar reclamos y\/o quejas, gestionar los datos internamente para crear listas de clientes que se han comportado de manera inapropiada durante los paquetes tur\u00edsticos, adaptar los productos y servicios de Ecochile para mejor cumplir con los requisitos del Cliente e informar al Cliente sobre ofertas y nuevos servicios creados por Ecochile. Dicho esto, los datos personales del Cliente son considerados confidenciales y por lo tanto no ser\u00e1n divulgados a ning\u00fan tercero, excepto nuestro(s) proveedor(es) y, solamente si fuese requerido por ley, a las autoridades correspondientes. Al aceptar estas condiciones, el Cliente autoriza exclusivamente a Ecochile a usar su imagen, nombre, semejanza y\/o voz en publicidad o comerciales relacionados con la compa\u00f1\u00eda en Chile sin compensaci\u00f3n. Esta autorizaci\u00f3n es perpetua e incluye el derecho a favor de Ecochile de usar libremente cualquier y\/o toda imagen fotogr\u00e1fica y f\u00edlmica (inclusive derechos al uso de la voz) para su uso en internet y sitios web de redes sociales que pueden incluir, pero que no se limitan a, Facebook, Twitter, YouTube e Instagram, adem\u00e1s de cualquier tipo de material publicitario y gr\u00e1fico, adem\u00e1s de cualquier fotograf\u00eda, grabaci\u00f3n, video, pel\u00edcula, dibujo o representaci\u00f3n. El Cliente declara que entiende que no hay compensaci\u00f3n respecto a la autorizaci\u00f3n anteriormente mencionada. \u00a0 &nbsp;<\/p>\n","protected":false},"author":5,"featured_media":0,"parent":0,"menu_order":0,"comment_status":"closed","ping_status":"open","template":"page-terms.php","meta":{"footnotes":""},"class_list":["post-2059","page","type-page","status-publish","hentry"],"aioseo_notices":[],"_links":{"self":[{"href":"https:\/\/ecochile.travel\/es\/wp-json\/wp\/v2\/pages\/2059","targetHints":{"allow":["GET"]}}],"collection":[{"href":"https:\/\/ecochile.travel\/es\/wp-json\/wp\/v2\/pages"}],"about":[{"href":"https:\/\/ecochile.travel\/es\/wp-json\/wp\/v2\/types\/page"}],"author":[{"embeddable":true,"href":"https:\/\/ecochile.travel\/es\/wp-json\/wp\/v2\/users\/5"}],"replies":[{"embeddable":true,"href":"https:\/\/ecochile.travel\/es\/wp-json\/wp\/v2\/comments?post=2059"}],"version-history":[{"count":1,"href":"https:\/\/ecochile.travel\/es\/wp-json\/wp\/v2\/pages\/2059\/revisions"}],"predecessor-version":[{"id":2062,"href":"https:\/\/ecochile.travel\/es\/wp-json\/wp\/v2\/pages\/2059\/revisions\/2062"}],"wp:attachment":[{"href":"https:\/\/ecochile.travel\/es\/wp-json\/wp\/v2\/media?parent=2059"}],"curies":[{"name":"wp","href":"https:\/\/api.w.org\/{rel}","templated":true}]}}