{"id":8111,"date":"2018-06-19T10:24:01","date_gmt":"2018-06-19T14:24:01","guid":{"rendered":"https:\/\/ecochile.travel\/es\/travel-insurance\/"},"modified":"2018-12-27T14:41:55","modified_gmt":"2018-12-27T18:41:55","slug":"travel-insurance","status":"publish","type":"page","link":"https:\/\/ecochile.travel\/es\/travel-insurance\/","title":{"rendered":"Seguro de Viajes"},"content":{"rendered":"<p>&nbsp;<\/p>\n<p>&nbsp;<\/p>\n<h4 style=\"text-align: center;\"><span style=\"color: #808080;\">Recomendamos encarecidamente a los pasajeros que contraten un seguro de viaje para cubrir cualquier circunstancia imprevista que pueda surgir. Su seguro debe proporcionar cobertura contra accidentes personales, gastos m\u00e9dicos, repatriaci\u00f3n de emergencia y responsabilidad personal, as\u00ed como cualquier actividad de aventura no cubierta por una p\u00f3liza de seguro est\u00e1ndar. Ecochile no es responsable de ninguna falta de seguro en su nombre.<\/span><\/h4>\n<div class=\"container\" style=\"margin: 40px auto;\">\n<p><script src='\/\/www.worldnomads.com\/Partner\/GetPartnerWidget?partnerCode=ecochltrvl&#038;loadWithPanelExpanded=true&#038;cssVariant=landscape' async><\/script><\/p>\n<div id=\"wn-insurance-quote-editor\"><\/div>\n<div><\/div>\n<div><\/div>\n<div><\/div>\n<\/div>\n<div><\/div>\n","protected":false},"excerpt":{"rendered":"<p>&nbsp; &nbsp; Recomendamos encarecidamente a los pasajeros que contraten un seguro de viaje para cubrir cualquier circunstancia imprevista que pueda surgir. Su seguro debe proporcionar cobertura contra accidentes personales, gastos m\u00e9dicos, repatriaci\u00f3n de emergencia y responsabilidad personal, as\u00ed como cualquier actividad de aventura no cubierta por una p\u00f3liza de seguro est\u00e1ndar. Ecochile no es responsable de ninguna falta de seguro en su nombre.<\/p>\n","protected":false},"author":5,"featured_media":0,"parent":0,"menu_order":0,"comment_status":"closed","ping_status":"open","template":"","meta":{"footnotes":""},"class_list":["post-8111","page","type-page","status-publish","hentry"],"aioseo_notices":[],"_links":{"self":[{"href":"https:\/\/ecochile.travel\/es\/wp-json\/wp\/v2\/pages\/8111","targetHints":{"allow":["GET"]}}],"collection":[{"href":"https:\/\/ecochile.travel\/es\/wp-json\/wp\/v2\/pages"}],"about":[{"href":"https:\/\/ecochile.travel\/es\/wp-json\/wp\/v2\/types\/page"}],"author":[{"embeddable":true,"href":"https:\/\/ecochile.travel\/es\/wp-json\/wp\/v2\/users\/5"}],"replies":[{"embeddable":true,"href":"https:\/\/ecochile.travel\/es\/wp-json\/wp\/v2\/comments?post=8111"}],"version-history":[{"count":3,"href":"https:\/\/ecochile.travel\/es\/wp-json\/wp\/v2\/pages\/8111\/revisions"}],"predecessor-version":[{"id":8117,"href":"https:\/\/ecochile.travel\/es\/wp-json\/wp\/v2\/pages\/8111\/revisions\/8117"}],"wp:attachment":[{"href":"https:\/\/ecochile.travel\/es\/wp-json\/wp\/v2\/media?parent=8111"}],"curies":[{"name":"wp","href":"https:\/\/api.w.org\/{rel}","templated":true}]}}