{"id":8332,"date":"2019-02-13T13:52:16","date_gmt":"2019-02-13T17:52:16","guid":{"rendered":"https:\/\/ecochile.travel\/junior-sales-executive\/"},"modified":"2019-03-18T11:34:23","modified_gmt":"2019-03-18T15:34:23","slug":"junior-sales-executive","status":"publish","type":"page","link":"https:\/\/ecochile.travel\/es\/junior-sales-executive\/","title":{"rendered":"Junior Sales Executive"},"content":{"rendered":"<p>&nbsp;<\/p>\n<p>&nbsp;<\/p>\n<p>&nbsp;<\/p>\n<p>En Ecochile dise\u00f1amos y organizamos viajes personalizados para viajeros que visitan Chile y Argentina, buscando compartir el patrimonio y naturaleza de nuestros destinos, conectando con nuestros viajeros a trav\u00e9s de experiencias \u00fanicas. Nuestro servicio se caracteriza por una fuerte orientaci\u00f3n al servicio, detalle, personalizaci\u00f3n y altos est\u00e1ndares de calidad.<\/p>\n<p>Actualmente estamos buscando un ejecutivo de ventas junior con el deseo de contribuir y aprender a unirse a nuestro equipo joven y motivado.<\/p>\n<p>Principales responsabilidades de trabajo:<\/p>\n<ul>\n<li>Manejar a los clientes solicitando programas de viaje.<\/li>\n<li>Crear cotizaciones e ingresar informaci\u00f3n de ventas y reservaciones en nuestro sistema<\/li>\n<li>Preparar facturas, invoices y cartas de bienvenida.<\/li>\n<li>Consultar disponibilidad en hoteles y otros servicios de viaje; Reservar y bloquear vuelos.<\/li>\n<li>Estar a cargo de contestar los tel\u00e9fonos durante las temporadas altas.<\/li>\n<\/ul>\n<p>Requisitos:<\/p>\n<ul>\n<li>Educaci\u00f3n y \/ o experiencia (familiaridad con alguna rama del turismo, podr\u00eda ser en hostales \/ hoteles, reservas de viajes, excursiones, etc.)<\/li>\n<li>Ingl\u00e9s y espa\u00f1ol avanzado, requisito exclusivo.<\/li>\n<li>Capacidad para realizar m\u00faltiples tareas.<\/li>\n<li>Manejo avanzado de Excel y Word. Experiencia con softwares de reserva ser\u00eda un punto a favor.<\/li>\n<li>Conocimiento y gesti\u00f3n de los principales destinos tur\u00edsticos de la naturaleza en Chile.<\/li>\n<li>Comunicaci\u00f3n fluida y emp\u00e1tica con los pasajeros, proveedores locales y su equipo de trabajo.<\/li>\n<li>Motivado y entusiasta; Listo y dispuesto a poner un esfuerzo adicional en un entorno empresarial para impulsar el \u00e9xito de la empresa.<\/li>\n<\/ul>\n<p>Las condiciones de trabajo:<\/p>\n<ul>\n<li>De lunes a viernes de 9:30 a.m. a 5:30 p.m.<br \/>\nArt \u00ba. 22<\/li>\n<li>La ubicaci\u00f3n est\u00e1 en nuestra oficina ubicada en Providencia, Santiago.<\/li>\n<\/ul>\n<p>Interesado enviar CV a christian@ecochile.travel<\/p>\n<p>&nbsp;<\/p>\n<p>&nbsp;<\/p>\n<p>&nbsp;<\/p>\n<p>&nbsp;<\/p>\n<p><iframe loading=\"lazy\" src=\"https:\/\/docs.google.com\/forms\/d\/e\/1FAIpQLSdZu1zrqPJ8-O8RBSflkbmLvdQh4GIZ8PUpP_trNjTur0lgxg\/viewform?embedded=true\" width=\"1040\" height=\"1383\" frameborder=\"0\" marginheight=\"0\" marginwidth=\"0\">Loading&#8230;<\/iframe><\/p>\n","protected":false},"excerpt":{"rendered":"<p>&nbsp; &nbsp; &nbsp; En Ecochile dise\u00f1amos y organizamos viajes personalizados para viajeros que visitan Chile y Argentina, buscando compartir el patrimonio y naturaleza de nuestros destinos, conectando con nuestros viajeros a trav\u00e9s de experiencias \u00fanicas. Nuestro servicio se caracteriza por una fuerte orientaci\u00f3n al servicio, detalle, personalizaci\u00f3n y altos est\u00e1ndares de calidad. Actualmente estamos buscando un ejecutivo de ventas junior con el deseo de contribuir y aprender a unirse a nuestro equipo joven y motivado. Principales responsabilidades de trabajo: Manejar a los clientes solicitando programas de viaje. Crear cotizaciones e ingresar informaci\u00f3n de ventas y reservaciones en nuestro sistema Preparar facturas, invoices y cartas de bienvenida. Consultar disponibilidad en hoteles y otros servicios de viaje; Reservar y bloquear vuelos. Estar a cargo de contestar los tel\u00e9fonos durante las temporadas altas. Requisitos: Educaci\u00f3n y \/ o experiencia (familiaridad con alguna rama del turismo, podr\u00eda ser en hostales \/ hoteles, reservas de viajes, excursiones, etc.) Ingl\u00e9s y espa\u00f1ol avanzado, requisito exclusivo. Capacidad para realizar m\u00faltiples tareas. Manejo avanzado de Excel y Word. Experiencia con softwares de reserva ser\u00eda un punto a favor. Conocimiento y gesti\u00f3n de los principales destinos tur\u00edsticos de la naturaleza en Chile. Comunicaci\u00f3n fluida y emp\u00e1tica con los pasajeros, proveedores locales y su equipo de trabajo. Motivado y entusiasta; Listo y dispuesto a poner un esfuerzo adicional en un entorno empresarial para impulsar el \u00e9xito de la empresa. Las condiciones de trabajo: De lunes a viernes de 9:30 a.m. a 5:30 p.m. Art \u00ba. 22 La ubicaci\u00f3n est\u00e1 en nuestra oficina ubicada en Providencia, Santiago. Interesado enviar CV a christian@ecochile.travel &nbsp; &nbsp; &nbsp; &nbsp; Loading&#8230;<\/p>\n","protected":false},"author":5,"featured_media":0,"parent":0,"menu_order":0,"comment_status":"closed","ping_status":"open","template":"","meta":{"footnotes":""},"class_list":["post-8332","page","type-page","status-publish","hentry"],"aioseo_notices":[],"_links":{"self":[{"href":"https:\/\/ecochile.travel\/es\/wp-json\/wp\/v2\/pages\/8332","targetHints":{"allow":["GET"]}}],"collection":[{"href":"https:\/\/ecochile.travel\/es\/wp-json\/wp\/v2\/pages"}],"about":[{"href":"https:\/\/ecochile.travel\/es\/wp-json\/wp\/v2\/types\/page"}],"author":[{"embeddable":true,"href":"https:\/\/ecochile.travel\/es\/wp-json\/wp\/v2\/users\/5"}],"replies":[{"embeddable":true,"href":"https:\/\/ecochile.travel\/es\/wp-json\/wp\/v2\/comments?post=8332"}],"version-history":[{"count":5,"href":"https:\/\/ecochile.travel\/es\/wp-json\/wp\/v2\/pages\/8332\/revisions"}],"predecessor-version":[{"id":8589,"href":"https:\/\/ecochile.travel\/es\/wp-json\/wp\/v2\/pages\/8332\/revisions\/8589"}],"wp:attachment":[{"href":"https:\/\/ecochile.travel\/es\/wp-json\/wp\/v2\/media?parent=8332"}],"curies":[{"name":"wp","href":"https:\/\/api.w.org\/{rel}","templated":true}]}}