{"id":9623,"date":"2019-12-30T13:02:30","date_gmt":"2019-12-30T17:02:30","guid":{"rendered":"https:\/\/ecochile.travel\/?page_id=9623"},"modified":"2023-09-06T17:15:36","modified_gmt":"2023-09-06T21:15:36","slug":"politica-de-viaje-responsable","status":"publish","type":"page","link":"https:\/\/ecochile.travel\/es\/politica-de-viaje-responsable\/","title":{"rendered":"Pol\u00edtica de viaje responsable"},"content":{"rendered":"<h2><b>Pol\u00edtica de viaje responsable<\/b><\/h2>\n<p><span style=\"font-weight: 400;\">En EcoChile nuestro mayor prop\u00f3sito y compromiso es la sustentabilidad. No podemos brindar la mejor experiencia posible al cliente si no apoyamos y protegemos los lugares, las personas y la cultura que hacen posibles esas experiencias. Este compromiso comienza con garantizar que nuestro trabajo y misi\u00f3n se alineen con todas las personas con las que trabajamos: nuestro equipo, proveedores, clientes y empresas tur\u00edsticas en todo el mundo.<\/span><span style=\"font-weight: 400;\"><br \/>\n<\/span><span style=\"font-weight: 400;\">Con ese objetivo, tambi\u00e9n estamos mejorando constantemente las operaciones de nuestros viajes, creando mejores relaciones con los proveedores con los que trabajamos y garantizando que se cumplan los c\u00f3digos de \u00e9tica. En los \u00faltimos a\u00f1os, tambi\u00e9n nos hemos comprometido a visitar personalmente todos los destinos que ofrecemos para conocer personalmente a todos nuestros grupos de inter\u00e9s. Esto nos ha permitido aprender m\u00e1s sobre las mejores pr\u00e1cticas y poder sugerir y compartir experiencias con viajeros con ideas afines.<\/span><\/p>\n<h4><b>Objetivo<\/b><b><br \/>\n<\/b><span style=\"font-weight: 400;\">Inspirar experiencias locales<\/span><\/h4>\n<h4><b>BHAG (Gran Objetivo Audaz y Peludo)<\/b><\/h4>\n<p><span style=\"font-weight: 400;\">Convi\u00e9rtete en el tour operador l\u00edder en responsabilidad social y ambiental.<\/span><\/p>\n<h4><b>Valores fundamentales<\/b><\/h4>\n<ol>\n<li><span style=\"font-weight: 400;\"> Sea profesional, pero divertido.<\/span><span style=\"font-weight: 400;\"><br \/>\n<\/span><span style=\"font-weight: 400;\">2. Buscar crecimiento y ganancias con autenticidad.<\/span><span style=\"font-weight: 400;\"><br \/>\n<\/span><span style=\"font-weight: 400;\">3. Fomentar el reconocimiento y el desarrollo personal.<\/span><span style=\"font-weight: 400;\"><br \/>\n<\/span><span style=\"font-weight: 400;\">4. Establecer una conexi\u00f3n personal con la experiencia del cliente.<\/span><span style=\"font-weight: 400;\"><br \/>\n<\/span><span style=\"font-weight: 400;\">5. Adquiera el h\u00e1bito de crear soluciones en el momento.<\/span><\/li>\n<\/ol>\n<p><span style=\"font-weight: 400;\">\u00a0<\/span><\/p>\n<h2><b>Responsabilidad econ\u00f3mica<\/b><\/h2>\n<p><span style=\"font-weight: 400;\">Nuestro principal prop\u00f3sito es inspirar experiencias locales; por lo tanto, nuestros especialistas en viajes trabajan junto con los proveedores locales para dise\u00f1ar experiencias que funcionen con personas y empresas locales en nuestros destinos. Lo hacemos a trav\u00e9s de un fuerte esfuerzo de investigaci\u00f3n constante, perteneciendo a una red especial de proveedores locales que se esfuerzan por lograr un cambio real y, lo m\u00e1s importante, visitando nosotros mismos los destinos para asegurarnos de que los servicios que ofrecemos est\u00e9n alineados con nuestros valores.<\/span><span style=\"font-weight: 400;\"><br \/>\n<\/span><span style=\"font-weight: 400;\">Para nosotros, es fundamental que nuestros socios apoyen las econom\u00edas y comunidades locales y regionales de nuestros destinos, como, en el caso de los operadores tur\u00edsticos locales, empleando gu\u00edas y conductores locales. Esto tambi\u00e9n se aplica a los hoteles, que tambi\u00e9n deber\u00edan emplear a la comunidad local sin ning\u00fan tipo de discriminaci\u00f3n. Tanto las actividades como el alojamiento deben incluir alimentos que se obtengan localmente, incentivando a los productores locales a abastecer sus operaciones.<\/span><span style=\"font-weight: 400;\"><br \/>\n<\/span><span style=\"font-weight: 400;\">Adem\u00e1s, nos adherimos a la<\/span><a href=\"https:\/\/ecochile.travel\/10-principles-of-fair-trade-from-wfto\/\"> <span style=\"font-weight: 400;\">principios del comercio justo<\/span><\/a><span style=\"font-weight: 400;\"> y compartirlos con nuestros clientes en el momento de la reserva.<\/span><\/p>\n<p><span style=\"font-weight: 400;\">\u00a0<\/span><\/p>\n<h2><b>Responsabilidad ambiental<\/b><\/h2>\n<p><span style=\"font-weight: 400;\">Trabajando junto con nuestros socios y proveedores locales, nuestro equipo se compromete a dise\u00f1ar itinerarios inteligentes, responsables y sostenibles que sean igualmente beneficiosos para el destino y el cliente. Algunas de las formas en que logramos esto incluyen ofrecer actividades para grupos peque\u00f1os que operan en diferentes horarios para evitar multitudes (por ejemplo, visitar atracciones tur\u00edsticas populares fuera de las horas peak), reducir el impacto en la poblaci\u00f3n local y la vida silvestre a trav\u00e9s de viajes en grupos peque\u00f1os y negarnos a promover ni tolerar cualquier actividad que incluya animales cautivos. Nuestros itinerarios tambi\u00e9n est\u00e1n dise\u00f1ados para reducir el uso de aviones para llegar a lugares de f\u00e1cil acceso por tierra.<\/span><span style=\"font-weight: 400;\"><br \/>\n<\/span><span style=\"font-weight: 400;\">Adem\u00e1s, hemos eliminado los pl\u00e1sticos de un solo uso de nuestras operaciones, alentando a los hu\u00e9spedes a traer botellas reutilizables y trabajando con nuestros proveedores en todo el pa\u00eds para garantizar que haya agua purificada disponible en todos los hoteles y en nuestros tours. Tambi\u00e9n se est\u00e1n implementando programas de reciclaje.<\/span><span style=\"font-weight: 400;\"><br \/>\n<\/span><span style=\"font-weight: 400;\">Nuestros socios seleccionados y operaciones directas deben incluir la participaci\u00f3n consensuada y el apoyo de las comunidades locales, asegurando que est\u00e9n dispuestos y abiertos a compartir sus estilos de vida y culturas con los visitantes, y apoyando a\u00fan m\u00e1s a las comunidades locales empleando a locales para los recorridos y las opciones de alojamiento.<\/span><span style=\"font-weight: 400;\"><br \/>\n<\/span><span style=\"font-weight: 400;\">Preferimos actividades que brinden e incluyan charlas informativas de los gu\u00edas sobre proyectos y desaf\u00edos ambientales, as\u00ed como conferencias sobre pr\u00e1cticas Leave No Trace y otras iniciativas educativas sobre c\u00f3mo minimizar el da\u00f1o ambiental. Desde marzo de 2023, tambi\u00e9n nos hemos comprometido a donar un \u00e1rbol fundaciones de reforestaci\u00f3n de \u00e1rboles nativos con cada viaje reservado con nosotros. Puedes ver nuestro bosque virtual<\/span><a href=\"https:\/\/app.reforestemos.org\/ecochile\"> <span style=\"font-weight: 400;\">aqu\u00ed<\/span><\/a><span style=\"font-weight: 400;\">.<\/span><span style=\"font-weight: 400;\"><br \/>\n<\/span><span style=\"font-weight: 400;\">Finalmente, nos adherimos a la<\/span><a href=\"http:\/\/ecochile.travel\/wp-content\/uploads\/2021\/02\/Code_of_Conduct_Responsible_Tourist_SERNATUR1.pdf\"> <span style=\"font-weight: 400;\">c\u00f3digo de conducta para el turismo responsable<\/span><\/a><span style=\"font-weight: 400;\"> y compartirlo con los clientes en el momento de la reserva.<\/span><\/p>\n<h2><b>Responsabilidad social<\/b><\/h2>\n<p><span style=\"font-weight: 400;\">Creemos que viajar es una herramienta que conecta a personas de diferentes realidades que de otro modo no habr\u00edan tenido la oportunidad de conocer. Por esta raz\u00f3n, sentimos una gran responsabilidad de hacer que estos encuentros sean lo m\u00e1s aut\u00e9nticos, educativos y transformadores posible. Por un lado, abre la mente de los visitantes que pueden ponerse en el lugar de un extra\u00f1o por un tiempo y, por otro lado, permite a las comunidades locales compartir su forma de vida con forasteros, expresando historias del mundo real sobre sus vidas, luchas y triunfos.<\/span><span style=\"font-weight: 400;\"><br \/>\n<\/span><span style=\"font-weight: 400;\">As\u00ed, creamos itinerarios y experiencias basadas no s\u00f3lo en los atractivos sino tambi\u00e9n en las personas y sociedades involucradas en el viaje. Nuestros viajes cuentan con gu\u00edas locales que brindan un contexto real sobre las comunidades que visitan los viajeros y los educan sobre la cultura, la historia y el estilo de vida del destino. Tambi\u00e9n promovemos las tradiciones y oficios artesanales locales, visitando proyectos como los de tejedores y la comunidad Coyo en el desierto de Atacama y pueblos artesanales en el Distrito de los Lagos y Chilo\u00e9, creando conciencia sobre estas tradiciones culturales y art\u00edsticas y brindando a los visitantes la oportunidad de comprar souvenirs que dirigir\u00e1n beneficiar a la comunidad.<\/span><\/p>\n","protected":false},"excerpt":{"rendered":"<p>Pol\u00edtica de viaje responsable En EcoChile nuestro mayor prop\u00f3sito y compromiso es la sustentabilidad. No podemos brindar la mejor experiencia posible al cliente si no apoyamos y protegemos los lugares, las personas y la cultura que hacen posibles esas experiencias. Este compromiso comienza con garantizar que nuestro trabajo y misi\u00f3n se alineen con todas las personas con las que trabajamos: nuestro equipo, proveedores, clientes y empresas tur\u00edsticas en todo el mundo. Con ese objetivo, tambi\u00e9n estamos mejorando constantemente las operaciones de nuestros viajes, creando mejores relaciones con los proveedores con los que trabajamos y garantizando que se cumplan los c\u00f3digos de \u00e9tica. En los \u00faltimos a\u00f1os, tambi\u00e9n nos hemos comprometido a visitar personalmente todos los destinos que ofrecemos para conocer personalmente a todos nuestros grupos de inter\u00e9s. Esto nos ha permitido aprender m\u00e1s sobre las mejores pr\u00e1cticas y poder sugerir y compartir experiencias con viajeros con ideas afines. Objetivo Inspirar experiencias locales BHAG (Gran Objetivo Audaz y Peludo) Convi\u00e9rtete en el tour operador l\u00edder en responsabilidad social y ambiental. Valores fundamentales Sea profesional, pero divertido. 2. Buscar crecimiento y ganancias con autenticidad. 3. Fomentar el reconocimiento y el desarrollo personal. 4. Establecer una conexi\u00f3n personal con la experiencia del cliente. 5. Adquiera el h\u00e1bito de crear soluciones en el momento. \u00a0 Responsabilidad econ\u00f3mica Nuestro principal prop\u00f3sito es inspirar experiencias locales; por lo tanto, nuestros especialistas en viajes trabajan junto con los proveedores locales para dise\u00f1ar experiencias que funcionen con personas y empresas locales en nuestros destinos. Lo hacemos a trav\u00e9s de un fuerte esfuerzo de investigaci\u00f3n constante, perteneciendo a una red especial de proveedores locales que se esfuerzan por lograr un cambio real y, lo m\u00e1s importante, visitando nosotros mismos los destinos para asegurarnos de que los servicios que ofrecemos est\u00e9n alineados con nuestros valores. Para nosotros, es fundamental que nuestros socios apoyen las econom\u00edas y comunidades locales y regionales de nuestros destinos, como, en el caso de los operadores tur\u00edsticos locales, empleando gu\u00edas y conductores locales. Esto tambi\u00e9n se aplica a los hoteles, que tambi\u00e9n deber\u00edan emplear a la comunidad local sin ning\u00fan tipo de discriminaci\u00f3n. Tanto las actividades como el alojamiento deben incluir alimentos que se obtengan localmente, incentivando a los productores locales a abastecer sus operaciones. Adem\u00e1s, nos adherimos a la principios del comercio justo y compartirlos con nuestros clientes en el momento de la reserva. \u00a0 Responsabilidad ambiental Trabajando junto con nuestros socios y proveedores locales, nuestro equipo se compromete a dise\u00f1ar itinerarios inteligentes, responsables y sostenibles que sean igualmente beneficiosos para el destino y el cliente. Algunas de las formas en que logramos esto incluyen ofrecer actividades para grupos peque\u00f1os que operan en diferentes horarios para evitar multitudes (por ejemplo, visitar atracciones tur\u00edsticas populares fuera de las horas peak), reducir el impacto en la poblaci\u00f3n local y la vida silvestre a trav\u00e9s de viajes en grupos peque\u00f1os y negarnos a promover ni tolerar cualquier actividad que incluya animales cautivos. Nuestros itinerarios tambi\u00e9n est\u00e1n dise\u00f1ados para reducir el uso de aviones para llegar a lugares de f\u00e1cil acceso por tierra. Adem\u00e1s, hemos eliminado los pl\u00e1sticos de un solo uso de nuestras operaciones, alentando a los hu\u00e9spedes a traer botellas reutilizables y trabajando con nuestros proveedores en todo el pa\u00eds para garantizar que haya agua purificada disponible en todos los hoteles y en nuestros tours. Tambi\u00e9n se est\u00e1n implementando programas de reciclaje. Nuestros socios seleccionados y operaciones directas deben incluir la participaci\u00f3n consensuada y el apoyo de las comunidades locales, asegurando que est\u00e9n dispuestos y abiertos a compartir sus estilos de vida y culturas con los visitantes, y apoyando a\u00fan m\u00e1s a las comunidades locales empleando a locales para los recorridos y las opciones de alojamiento. Preferimos actividades que brinden e incluyan charlas informativas de los gu\u00edas sobre proyectos y desaf\u00edos ambientales, as\u00ed como conferencias sobre pr\u00e1cticas Leave No Trace y otras iniciativas educativas sobre c\u00f3mo minimizar el da\u00f1o ambiental. Desde marzo de 2023, tambi\u00e9n nos hemos comprometido a donar un \u00e1rbol fundaciones de reforestaci\u00f3n de \u00e1rboles nativos con cada viaje reservado con nosotros. Puedes ver nuestro bosque virtual aqu\u00ed. Finalmente, nos adherimos a la c\u00f3digo de conducta para el turismo responsable y compartirlo con los clientes en el momento de la reserva. Responsabilidad social Creemos que viajar es una herramienta que conecta a personas de diferentes realidades que de otro modo no habr\u00edan tenido la oportunidad de conocer. Por esta raz\u00f3n, sentimos una gran responsabilidad de hacer que estos encuentros sean lo m\u00e1s aut\u00e9nticos, educativos y transformadores posible. Por un lado, abre la mente de los visitantes que pueden ponerse en el lugar de un extra\u00f1o por un tiempo y, por otro lado, permite a las comunidades locales compartir su forma de vida con forasteros, expresando historias del mundo real sobre sus vidas, luchas y triunfos. As\u00ed, creamos itinerarios y experiencias basadas no s\u00f3lo en los atractivos sino tambi\u00e9n en las personas y sociedades involucradas en el viaje. Nuestros viajes cuentan con gu\u00edas locales que brindan un contexto real sobre las comunidades que visitan los viajeros y los educan sobre la cultura, la historia y el estilo de vida del destino. Tambi\u00e9n promovemos las tradiciones y oficios artesanales locales, visitando proyectos como los de tejedores y la comunidad Coyo en el desierto de Atacama y pueblos artesanales en el Distrito de los Lagos y Chilo\u00e9, creando conciencia sobre estas tradiciones culturales y art\u00edsticas y brindando a los visitantes la oportunidad de comprar souvenirs que dirigir\u00e1n beneficiar a la comunidad.<\/p>\n","protected":false},"author":5,"featured_media":0,"parent":0,"menu_order":0,"comment_status":"closed","ping_status":"closed","template":"","meta":{"footnotes":""},"class_list":["post-9623","page","type-page","status-publish","hentry"],"aioseo_notices":[],"_links":{"self":[{"href":"https:\/\/ecochile.travel\/es\/wp-json\/wp\/v2\/pages\/9623","targetHints":{"allow":["GET"]}}],"collection":[{"href":"https:\/\/ecochile.travel\/es\/wp-json\/wp\/v2\/pages"}],"about":[{"href":"https:\/\/ecochile.travel\/es\/wp-json\/wp\/v2\/types\/page"}],"author":[{"embeddable":true,"href":"https:\/\/ecochile.travel\/es\/wp-json\/wp\/v2\/users\/5"}],"replies":[{"embeddable":true,"href":"https:\/\/ecochile.travel\/es\/wp-json\/wp\/v2\/comments?post=9623"}],"version-history":[{"count":12,"href":"https:\/\/ecochile.travel\/es\/wp-json\/wp\/v2\/pages\/9623\/revisions"}],"predecessor-version":[{"id":15227,"href":"https:\/\/ecochile.travel\/es\/wp-json\/wp\/v2\/pages\/9623\/revisions\/15227"}],"wp:attachment":[{"href":"https:\/\/ecochile.travel\/es\/wp-json\/wp\/v2\/media?parent=9623"}],"curies":[{"name":"wp","href":"https:\/\/api.w.org\/{rel}","templated":true}]}}